{"id":2489,"date":"2019-10-01T05:11:03","date_gmt":"2019-09-30T21:11:03","guid":{"rendered":"https:\/\/absolutemusik.com\/?page_id=2489"},"modified":"2023-03-15T00:47:54","modified_gmt":"2023-03-14T16:47:54","slug":"vinyl-the-best-media-for-my-heart","status":"publish","type":"page","link":"https:\/\/absolutemusik.com\/en\/vinyl-the-best-media-for-my-heart\/","title":{"rendered":"Vinyl &#8211; The Best Media for My Heart"},"content":{"rendered":"<p>(English Translation &#8211; will be available later)<\/p>\n<p>The vinyl record is being appeared in the world for quite a long time.\u00a0 From the technical point-of-view, it should be eliminated after CD and CD player being introduced.\u00a0 However, there are more and more young people are taking vinyl records for listening in Hong Kong recently.<\/p>\n<p><strong>Attraction of Vinyl Records<\/strong><br \/>\nMany people take a lot of scientific evidences to show the sound recording of vinyl not able to compare the dynamics and range of digital recording.\u00a0 So, it should be replaced completely.\u00a0 \u00a0Nevertheless, from our listening experience, the major difference of analog and digital sound &#8211; it is too &#8220;sharp&#8221; for the digital media with &#8220;cool&#8221; tune and the analog sound giving you the &#8220;warm&#8221; feeling in a more &#8220;human&#8221; manner.<\/p>\n<p>On the other hand, the music production quality is always going declined.\u00a0 For instance, the golden age of classical music was between 1960s and 1970s with lots of great musicians and sound engineers.\u00a0 Because the webmaster is a classical music lovers, the examples\u00a0 will be focused in the classical music.\u00a0 For the time in 1960\/70s, due to the technology limitation, the music production teams are being well trained.\u00a0 If one of the microphone is not setting well, a musical instrument is not in place, it is possible to force the recording to be done again.\u00a0 There are lots of top sound engineers &#8211; such as Ken Wilkinson working in DECCA.<\/p>\n<p>Meanwhile, there are lots of greatest musicians such as Jacqueline Mary du Pr\u00e9, Jos\u00e9 Pl\u00e1cido Domingo Embil, Jascha Heifetz, etc.\u00a0 Today, Domingo&#8217;s performance could not be compared to his performances at 70s with his age.\u00a0 There are many skillful musicians but with less charming than the previous generations.\u00a0 It is just my personal opinion but I do believe many people should agree.<\/p>\n<p>Apart from these, the music industry is being seriously affected with the technology and the recordings growing significantly.\u00a0 Previously, one music producer may take 1 to 3 years to produce a record.\u00a0 However, for pop music, it is talking about 1-3 records per year.\u00a0 In the world of classic music, there is a trend for companies promoting classical musicians as &#8220;stars&#8221; to push the sales.\u00a0 For the defacts of performance, they will be fixed by computer to erase or to modify.\u00a0 Over commercialization is leading to the lost of value of the performing art.<\/p>\n<p>On the other hand, it doesn&#8217;t mean all records are rubbish nowadays.\u00a0 The reality is only fewer top quality recordings.\u00a0 There are some great recordings with Vinyl release.<br \/>\nFor the reason of increasing vinyl lovers, they are chasing the great performance and the warmth from the vinyl records.\u00a0 Personally, the writer is not a great musician or performer but living with good listening ability.<\/p>\n<p>(Last Update: 20015\/7\/20)<\/p>\n","protected":false},"excerpt":{"rendered":"<p>(English Translation &ndash; will be available later) The vinyl record is being appeared in the world for quite a long time.&nbsp; From the technical point-of-view, it should be eliminated after CD and CD player being introduced.&nbsp; However, there are more and more young people are taking vinyl records for listening in Hong Kong recently. Attraction [&hellip;]<\/p>\n","protected":false},"author":1,"featured_media":0,"parent":0,"menu_order":0,"comment_status":"closed","ping_status":"closed","template":"","meta":{"om_disable_all_campaigns":false,"_monsterinsights_skip_tracking":false,"_monsterinsights_sitenote_active":false,"_monsterinsights_sitenote_note":"","_monsterinsights_sitenote_category":0,"_uf_show_specific_survey":0,"_uf_disable_surveys":false,"footnotes":""},"class_list":["post-2489","page","type-page","status-publish","hentry"],"aioseo_notices":[],"yoast_head":"<!-- This site is optimized with the Yoast SEO plugin v21.8.1 - https:\/\/yoast.com\/wordpress\/plugins\/seo\/ -->\n<title>Vinyl - The Best Media for My Heart - absolutemusik.com<\/title>\n<meta name=\"robots\" content=\"index, follow, max-snippet:-1, max-image-preview:large, max-video-preview:-1\" \/>\n<link rel=\"canonical\" href=\"https:\/\/absolutemusik.com\/en\/vinyl-the-best-media-for-my-heart\/\" \/>\n<meta property=\"og:locale\" content=\"en_US\" \/>\n<meta property=\"og:type\" content=\"article\" \/>\n<meta property=\"og:title\" content=\"Vinyl - The Best Media for My Heart - absolutemusik.com\" \/>\n<meta property=\"og:description\" content=\"(English Translation &ndash; will be available later) The vinyl record is being appeared in the world for quite a long time.&nbsp; From the technical point-of-view, it should be eliminated after CD and CD player being introduced.&nbsp; However, there are more and more young people are taking vinyl records for listening in Hong Kong recently. Attraction [&hellip;]\" \/>\n<meta property=\"og:url\" content=\"https:\/\/absolutemusik.com\/en\/vinyl-the-best-media-for-my-heart\/\" \/>\n<meta property=\"og:site_name\" content=\"absolutemusik.com\" \/>\n<meta property=\"article:modified_time\" content=\"2023-03-14T16:47:54+00:00\" \/>\n<meta name=\"twitter:card\" content=\"summary_large_image\" \/>\n<meta name=\"twitter:label1\" content=\"Est. reading time\" \/>\n\t<meta name=\"twitter:data1\" content=\"3 minutes\" \/>\n<script type=\"application\/ld+json\" class=\"yoast-schema-graph\">{\"@context\":\"https:\/\/schema.org\",\"@graph\":[{\"@type\":\"WebPage\",\"@id\":\"https:\/\/absolutemusik.com\/en\/vinyl-the-best-media-for-my-heart\/\",\"url\":\"https:\/\/absolutemusik.com\/en\/vinyl-the-best-media-for-my-heart\/\",\"name\":\"Vinyl - The Best Media for My Heart - absolutemusik.com\",\"isPartOf\":{\"@id\":\"https:\/\/absolutemusik.com\/en\/#website\"},\"datePublished\":\"2019-09-30T21:11:03+00:00\",\"dateModified\":\"2023-03-14T16:47:54+00:00\",\"breadcrumb\":{\"@id\":\"https:\/\/absolutemusik.com\/en\/vinyl-the-best-media-for-my-heart\/#breadcrumb\"},\"inLanguage\":\"en-US\",\"potentialAction\":[{\"@type\":\"ReadAction\",\"target\":[\"https:\/\/absolutemusik.com\/en\/vinyl-the-best-media-for-my-heart\/\"]}]},{\"@type\":\"BreadcrumbList\",\"@id\":\"https:\/\/absolutemusik.com\/en\/vinyl-the-best-media-for-my-heart\/#breadcrumb\",\"itemListElement\":[{\"@type\":\"ListItem\",\"position\":1,\"name\":\"Home\",\"item\":\"https:\/\/absolutemusik.com\/en\/\"},{\"@type\":\"ListItem\",\"position\":2,\"name\":\"Vinyl &#8211; The Best Media for My Heart\"}]},{\"@type\":\"WebSite\",\"@id\":\"https:\/\/absolutemusik.com\/en\/#website\",\"url\":\"https:\/\/absolutemusik.com\/en\/\",\"name\":\"absolutemusik.com\",\"description\":\"A portal for music appreciation\",\"publisher\":{\"@id\":\"https:\/\/absolutemusik.com\/en\/#\/schema\/person\/9c0ce0ceb993b9ec0ca2339d65245950\"},\"potentialAction\":[{\"@type\":\"SearchAction\",\"target\":{\"@type\":\"EntryPoint\",\"urlTemplate\":\"https:\/\/absolutemusik.com\/en\/?s={search_term_string}\"},\"query-input\":\"required name=search_term_string\"}],\"inLanguage\":\"en-US\"},{\"@type\":[\"Person\",\"Organization\"],\"@id\":\"https:\/\/absolutemusik.com\/en\/#\/schema\/person\/9c0ce0ceb993b9ec0ca2339d65245950\",\"name\":\"admin\",\"image\":{\"@type\":\"ImageObject\",\"inLanguage\":\"en-US\",\"@id\":\"https:\/\/absolutemusik.com\/en\/#\/schema\/person\/image\/\",\"url\":\"https:\/\/absolutemusik.com\/wp-content\/uploads\/2023\/03\/cropped-absolutemusik_logo.jpg\",\"contentUrl\":\"https:\/\/absolutemusik.com\/wp-content\/uploads\/2023\/03\/cropped-absolutemusik_logo.jpg\",\"width\":300,\"height\":70,\"caption\":\"admin\"},\"logo\":{\"@id\":\"https:\/\/absolutemusik.com\/en\/#\/schema\/person\/image\/\"},\"sameAs\":[\"http:\/\/absolutemusik.com\"]}]}<\/script>\n<!-- \/ Yoast SEO plugin. -->","yoast_head_json":{"title":"Vinyl - The Best Media for My Heart - absolutemusik.com","robots":{"index":"index","follow":"follow","max-snippet":"max-snippet:-1","max-image-preview":"max-image-preview:large","max-video-preview":"max-video-preview:-1"},"canonical":"https:\/\/absolutemusik.com\/en\/vinyl-the-best-media-for-my-heart\/","og_locale":"en_US","og_type":"article","og_title":"Vinyl - The Best Media for My Heart - absolutemusik.com","og_description":"(English Translation &ndash; will be available later) The vinyl record is being appeared in the world for quite a long time.&nbsp; From the technical point-of-view, it should be eliminated after CD and CD player being introduced.&nbsp; However, there are more and more young people are taking vinyl records for listening in Hong Kong recently. Attraction [&hellip;]","og_url":"https:\/\/absolutemusik.com\/en\/vinyl-the-best-media-for-my-heart\/","og_site_name":"absolutemusik.com","article_modified_time":"2023-03-14T16:47:54+00:00","twitter_card":"summary_large_image","twitter_misc":{"Est. reading time":"3 minutes"},"schema":{"@context":"https:\/\/schema.org","@graph":[{"@type":"WebPage","@id":"https:\/\/absolutemusik.com\/en\/vinyl-the-best-media-for-my-heart\/","url":"https:\/\/absolutemusik.com\/en\/vinyl-the-best-media-for-my-heart\/","name":"Vinyl - The Best Media for My Heart - absolutemusik.com","isPartOf":{"@id":"https:\/\/absolutemusik.com\/en\/#website"},"datePublished":"2019-09-30T21:11:03+00:00","dateModified":"2023-03-14T16:47:54+00:00","breadcrumb":{"@id":"https:\/\/absolutemusik.com\/en\/vinyl-the-best-media-for-my-heart\/#breadcrumb"},"inLanguage":"en-US","potentialAction":[{"@type":"ReadAction","target":["https:\/\/absolutemusik.com\/en\/vinyl-the-best-media-for-my-heart\/"]}]},{"@type":"BreadcrumbList","@id":"https:\/\/absolutemusik.com\/en\/vinyl-the-best-media-for-my-heart\/#breadcrumb","itemListElement":[{"@type":"ListItem","position":1,"name":"Home","item":"https:\/\/absolutemusik.com\/en\/"},{"@type":"ListItem","position":2,"name":"Vinyl &#8211; The Best Media for My Heart"}]},{"@type":"WebSite","@id":"https:\/\/absolutemusik.com\/en\/#website","url":"https:\/\/absolutemusik.com\/en\/","name":"absolutemusik.com","description":"A portal for music appreciation","publisher":{"@id":"https:\/\/absolutemusik.com\/en\/#\/schema\/person\/9c0ce0ceb993b9ec0ca2339d65245950"},"potentialAction":[{"@type":"SearchAction","target":{"@type":"EntryPoint","urlTemplate":"https:\/\/absolutemusik.com\/en\/?s={search_term_string}"},"query-input":"required name=search_term_string"}],"inLanguage":"en-US"},{"@type":["Person","Organization"],"@id":"https:\/\/absolutemusik.com\/en\/#\/schema\/person\/9c0ce0ceb993b9ec0ca2339d65245950","name":"admin","image":{"@type":"ImageObject","inLanguage":"en-US","@id":"https:\/\/absolutemusik.com\/en\/#\/schema\/person\/image\/","url":"https:\/\/absolutemusik.com\/wp-content\/uploads\/2023\/03\/cropped-absolutemusik_logo.jpg","contentUrl":"https:\/\/absolutemusik.com\/wp-content\/uploads\/2023\/03\/cropped-absolutemusik_logo.jpg","width":300,"height":70,"caption":"admin"},"logo":{"@id":"https:\/\/absolutemusik.com\/en\/#\/schema\/person\/image\/"},"sameAs":["http:\/\/absolutemusik.com"]}]}},"_links":{"self":[{"href":"https:\/\/absolutemusik.com\/en\/wp-json\/wp\/v2\/pages\/2489","targetHints":{"allow":["GET"]}}],"collection":[{"href":"https:\/\/absolutemusik.com\/en\/wp-json\/wp\/v2\/pages"}],"about":[{"href":"https:\/\/absolutemusik.com\/en\/wp-json\/wp\/v2\/types\/page"}],"author":[{"embeddable":true,"href":"https:\/\/absolutemusik.com\/en\/wp-json\/wp\/v2\/users\/1"}],"replies":[{"embeddable":true,"href":"https:\/\/absolutemusik.com\/en\/wp-json\/wp\/v2\/comments?post=2489"}],"version-history":[{"count":1,"href":"https:\/\/absolutemusik.com\/en\/wp-json\/wp\/v2\/pages\/2489\/revisions"}],"predecessor-version":[{"id":2490,"href":"https:\/\/absolutemusik.com\/en\/wp-json\/wp\/v2\/pages\/2489\/revisions\/2490"}],"wp:attachment":[{"href":"https:\/\/absolutemusik.com\/en\/wp-json\/wp\/v2\/media?parent=2489"}],"curies":[{"name":"wp","href":"https:\/\/api.w.org\/{rel}","templated":true}]}}